{"id":28,"date":"2026-02-03T16:27:02","date_gmt":"2026-02-03T15:27:02","guid":{"rendered":"http:\/\/klaster-chojnice.pl\/?page_id=28"},"modified":"2026-03-19T14:07:40","modified_gmt":"2026-03-19T13:07:40","slug":"oferta-klastrowa","status":"publish","type":"page","link":"https:\/\/klaster-chojnice.pl\/?page_id=28","title":{"rendered":"Oferta klastrowa"},"content":{"rendered":"\t\t<div data-elementor-type=\"wp-page\" data-elementor-id=\"28\" class=\"elementor elementor-28\">\n\t\t\t\t<div class=\"elementor-element elementor-element-14abf1e e-flex e-con-boxed e-con e-parent\" data-id=\"14abf1e\" data-element_type=\"container\" data-e-type=\"container\">\n\t\t\t\t\t<div class=\"e-con-inner\">\n\t\t\t\t<div class=\"elementor-element elementor-element-55da790 elementor-widget elementor-widget-text-editor\" data-id=\"55da790\" data-element_type=\"widget\" data-e-type=\"widget\" data-widget_type=\"text-editor.default\">\n\t\t\t\t\t\t\t\t\t<p>Strona w trakcie aktualizacji. Szczeg\u00f3\u0142y wkr\u00f3tce.<\/p>\t\t\t\t\t\t\t\t<\/div>\n\t\t\t\t\t<\/div>\n\t\t\t\t<\/div>\n\t\t\t\t<\/div>\n\t\t","protected":false},"excerpt":{"rendered":"<p>Strona w trakcie aktualizacji. Szczeg\u00f3\u0142y wkr\u00f3tce.<\/p>\n","protected":false},"author":1,"featured_media":0,"parent":0,"menu_order":0,"comment_status":"closed","ping_status":"closed","template":"elementor_header_footer","meta":{"footnotes":""},"class_list":["post-28","page","type-page","status-publish","hentry","entry"],"yoast_head":"<!-- This site is optimized with the Yoast SEO plugin v26.9 - https:\/\/yoast.com\/product\/yoast-seo-wordpress\/ -->\n<title>Oferta klastrowa - Klaster Chojnice<\/title>\n<meta name=\"robots\" content=\"index, follow, max-snippet:-1, max-image-preview:large, max-video-preview:-1\" \/>\n<link rel=\"canonical\" href=\"http:\/\/klaster-chojnice.pl\/?page_id=28\" \/>\n<meta property=\"og:locale\" content=\"pl_PL\" \/>\n<meta property=\"og:type\" content=\"article\" \/>\n<meta property=\"og:title\" content=\"Oferta klastrowa - Klaster Chojnice\" \/>\n<meta property=\"og:description\" content=\"Strona w trakcie aktualizacji. Szczeg\u00f3\u0142y wkr\u00f3tce.\" \/>\n<meta property=\"og:url\" content=\"http:\/\/klaster-chojnice.pl\/?page_id=28\" \/>\n<meta property=\"og:site_name\" content=\"Klaster Chojnice\" \/>\n<meta property=\"article:modified_time\" content=\"2026-03-19T13:07:40+00:00\" \/>\n<meta name=\"twitter:label1\" content=\"Szacowany czas czytania\" \/>\n\t<meta name=\"twitter:data1\" content=\"1 minuta\" \/>\n<script type=\"application\/ld+json\" class=\"yoast-schema-graph\">{\"@context\":\"https:\/\/schema.org\",\"@graph\":[{\"@type\":\"WebPage\",\"@id\":\"http:\/\/klaster-chojnice.pl\/?page_id=28\",\"url\":\"http:\/\/klaster-chojnice.pl\/?page_id=28\",\"name\":\"Oferta klastrowa - Klaster Chojnice\",\"isPartOf\":{\"@id\":\"http:\/\/klaster-chojnice.pl\/#website\"},\"datePublished\":\"2026-02-03T15:27:02+00:00\",\"dateModified\":\"2026-03-19T13:07:40+00:00\",\"breadcrumb\":{\"@id\":\"http:\/\/klaster-chojnice.pl\/?page_id=28#breadcrumb\"},\"inLanguage\":\"pl-PL\",\"potentialAction\":[{\"@type\":\"ReadAction\",\"target\":[\"http:\/\/klaster-chojnice.pl\/?page_id=28\"]}]},{\"@type\":\"BreadcrumbList\",\"@id\":\"http:\/\/klaster-chojnice.pl\/?page_id=28#breadcrumb\",\"itemListElement\":[{\"@type\":\"ListItem\",\"position\":1,\"name\":\"Home\",\"item\":\"http:\/\/klaster-chojnice.pl\/\"},{\"@type\":\"ListItem\",\"position\":2,\"name\":\"Oferta klastrowa\"}]},{\"@type\":\"WebSite\",\"@id\":\"http:\/\/klaster-chojnice.pl\/#website\",\"url\":\"http:\/\/klaster-chojnice.pl\/\",\"name\":\"Klaster Chojnice\",\"description\":\"\",\"potentialAction\":[{\"@type\":\"SearchAction\",\"target\":{\"@type\":\"EntryPoint\",\"urlTemplate\":\"http:\/\/klaster-chojnice.pl\/?s={search_term_string}\"},\"query-input\":{\"@type\":\"PropertyValueSpecification\",\"valueRequired\":true,\"valueName\":\"search_term_string\"}}],\"inLanguage\":\"pl-PL\"}]}<\/script>\n<!-- \/ Yoast SEO plugin. -->","yoast_head_json":{"title":"Oferta klastrowa - Klaster Chojnice","robots":{"index":"index","follow":"follow","max-snippet":"max-snippet:-1","max-image-preview":"max-image-preview:large","max-video-preview":"max-video-preview:-1"},"canonical":"http:\/\/klaster-chojnice.pl\/?page_id=28","og_locale":"pl_PL","og_type":"article","og_title":"Oferta klastrowa - Klaster Chojnice","og_description":"Strona w trakcie aktualizacji. Szczeg\u00f3\u0142y wkr\u00f3tce.","og_url":"http:\/\/klaster-chojnice.pl\/?page_id=28","og_site_name":"Klaster Chojnice","article_modified_time":"2026-03-19T13:07:40+00:00","twitter_misc":{"Szacowany czas czytania":"1 minuta"},"schema":{"@context":"https:\/\/schema.org","@graph":[{"@type":"WebPage","@id":"http:\/\/klaster-chojnice.pl\/?page_id=28","url":"http:\/\/klaster-chojnice.pl\/?page_id=28","name":"Oferta klastrowa - Klaster Chojnice","isPartOf":{"@id":"http:\/\/klaster-chojnice.pl\/#website"},"datePublished":"2026-02-03T15:27:02+00:00","dateModified":"2026-03-19T13:07:40+00:00","breadcrumb":{"@id":"http:\/\/klaster-chojnice.pl\/?page_id=28#breadcrumb"},"inLanguage":"pl-PL","potentialAction":[{"@type":"ReadAction","target":["http:\/\/klaster-chojnice.pl\/?page_id=28"]}]},{"@type":"BreadcrumbList","@id":"http:\/\/klaster-chojnice.pl\/?page_id=28#breadcrumb","itemListElement":[{"@type":"ListItem","position":1,"name":"Home","item":"http:\/\/klaster-chojnice.pl\/"},{"@type":"ListItem","position":2,"name":"Oferta klastrowa"}]},{"@type":"WebSite","@id":"http:\/\/klaster-chojnice.pl\/#website","url":"http:\/\/klaster-chojnice.pl\/","name":"Klaster Chojnice","description":"","potentialAction":[{"@type":"SearchAction","target":{"@type":"EntryPoint","urlTemplate":"http:\/\/klaster-chojnice.pl\/?s={search_term_string}"},"query-input":{"@type":"PropertyValueSpecification","valueRequired":true,"valueName":"search_term_string"}}],"inLanguage":"pl-PL"}]}},"_links":{"self":[{"href":"https:\/\/klaster-chojnice.pl\/index.php?rest_route=\/wp\/v2\/pages\/28","targetHints":{"allow":["GET"]}}],"collection":[{"href":"https:\/\/klaster-chojnice.pl\/index.php?rest_route=\/wp\/v2\/pages"}],"about":[{"href":"https:\/\/klaster-chojnice.pl\/index.php?rest_route=\/wp\/v2\/types\/page"}],"author":[{"embeddable":true,"href":"https:\/\/klaster-chojnice.pl\/index.php?rest_route=\/wp\/v2\/users\/1"}],"replies":[{"embeddable":true,"href":"https:\/\/klaster-chojnice.pl\/index.php?rest_route=%2Fwp%2Fv2%2Fcomments&post=28"}],"version-history":[{"count":7,"href":"https:\/\/klaster-chojnice.pl\/index.php?rest_route=\/wp\/v2\/pages\/28\/revisions"}],"predecessor-version":[{"id":262,"href":"https:\/\/klaster-chojnice.pl\/index.php?rest_route=\/wp\/v2\/pages\/28\/revisions\/262"}],"wp:attachment":[{"href":"https:\/\/klaster-chojnice.pl\/index.php?rest_route=%2Fwp%2Fv2%2Fmedia&parent=28"}],"curies":[{"name":"wp","href":"https:\/\/api.w.org\/{rel}","templated":true}]}}