{"id":54,"date":"2026-02-04T10:26:52","date_gmt":"2026-02-04T09:26:52","guid":{"rendered":"http:\/\/klaster-chojnice.pl\/?page_id=54"},"modified":"2026-03-30T09:41:51","modified_gmt":"2026-03-30T07:41:51","slug":"%e2%81%a0koordynator","status":"publish","type":"page","link":"https:\/\/klaster-chojnice.pl\/?page_id=54","title":{"rendered":"\u2060Koordynator"},"content":{"rendered":"\t\t<div data-elementor-type=\"wp-page\" data-elementor-id=\"54\" class=\"elementor elementor-54\">\n\t\t\t\t<div class=\"elementor-element elementor-element-d3bcfe6 e-flex e-con-boxed e-con e-parent\" data-id=\"d3bcfe6\" data-element_type=\"container\" data-e-type=\"container\">\n\t\t\t\t\t<div class=\"e-con-inner\">\n\t\t\t\t<div class=\"elementor-element elementor-element-7fc1b4f elementor-widget elementor-widget-text-editor\" data-id=\"7fc1b4f\" data-element_type=\"widget\" data-e-type=\"widget\" data-widget_type=\"text-editor.default\">\n\t\t\t\t\t\t\t\t\t<p>Koordynator<\/p>\t\t\t\t\t\t\t\t<\/div>\n\t\t\t\t\t<\/div>\n\t\t\t\t<\/div>\n\t\t<div class=\"elementor-element elementor-element-c744893 e-flex e-con-boxed e-con e-parent\" data-id=\"c744893\" data-element_type=\"container\" data-e-type=\"container\">\n\t\t\t\t\t<div class=\"e-con-inner\">\n\t\t\t\t<div class=\"elementor-element elementor-element-89737d1 elementor-widget elementor-widget-text-editor\" data-id=\"89737d1\" data-element_type=\"widget\" data-e-type=\"widget\" data-widget_type=\"text-editor.default\">\n\t\t\t\t\t\t\t\t\t<p>Koordynator Klastra Energii pe\u0142ni kluczow\u0105 rol\u0119 operacyjn\u0105 i organizacyjn\u0105, zapewniaj\u0105c sprawne funkcjonowanie klastra oraz realizacj\u0119 jego cel\u00f3w energetycznych, \u015brodowiskowych i ekonomicznych. Do jego zada\u0144 nale\u017cy integracja dzia\u0142a\u0144 uczestnik\u00f3w, nadz\u00f3r nad bilansowaniem lokalnego systemu energii, rozw\u00f3j rynku wewn\u0119trznego oraz koordynacja projekt\u00f3w inwestycyjnych i technologicznych.<\/p><p>Koordynator wspiera wsp\u00f3\u0142prac\u0119 pomi\u0119dzy samorz\u0105dami, przedsi\u0119biorstwami i partnerami technologicznymi, zapewnia transparentno\u015b\u0107 danych, rozw\u00f3j system\u00f3w rozliczeniowych oraz wdra\u017canie rozwi\u0105za\u0144 zwi\u0119kszaj\u0105cych autokonsumpcj\u0119, efektywno\u015b\u0107 energetyczn\u0105 i bezpiecze\u0144stwo lokalnego systemu energii.<\/p><p>W ramach swojej funkcji Koordynator odpowiada r\u00f3wnie\u017c za rozw\u00f3j klastra, w\u0142\u0105czanie nowych uczestnik\u00f3w, monitorowanie efekt\u00f3w \u015brodowiskowych oraz wspieranie realizacji cel\u00f3w zr\u00f3wnowa\u017conego rozwoju i raportowania ESG.<\/p><p><strong>W Klastrze Energii Chojnice funkcj\u0119 Koordynatora pe\u0142ni:<\/strong><\/p><p><span style=\"color: black;\">Urz\u0105d Miejski w Chojnicach<\/span><\/p>\t\t\t\t\t\t\t\t<\/div>\n\t\t\t\t\t<\/div>\n\t\t\t\t<\/div>\n\t\t\t\t<\/div>\n\t\t","protected":false},"excerpt":{"rendered":"<p>Koordynator Koordynator Klastra Energii pe\u0142ni kluczow\u0105 rol\u0119 operacyjn\u0105 i organizacyjn\u0105, zapewniaj\u0105c sprawne funkcjonowanie klastra oraz realizacj\u0119 jego cel\u00f3w energetycznych, \u015brodowiskowych i ekonomicznych. Do jego zada\u0144 nale\u017cy integracja dzia\u0142a\u0144 uczestnik\u00f3w, nadz\u00f3r nad bilansowaniem<\/p>\n","protected":false},"author":1,"featured_media":0,"parent":0,"menu_order":0,"comment_status":"closed","ping_status":"closed","template":"elementor_header_footer","meta":{"footnotes":""},"class_list":["post-54","page","type-page","status-publish","hentry","entry"],"yoast_head":"<!-- This site is optimized with the Yoast SEO plugin v26.9 - https:\/\/yoast.com\/product\/yoast-seo-wordpress\/ -->\n<title>\u2060Koordynator - Klaster Chojnice<\/title>\n<meta name=\"robots\" content=\"index, follow, max-snippet:-1, max-image-preview:large, max-video-preview:-1\" \/>\n<link rel=\"canonical\" href=\"https:\/\/klaster-chojnice.pl\/?page_id=54\" \/>\n<meta property=\"og:locale\" content=\"pl_PL\" \/>\n<meta property=\"og:type\" content=\"article\" \/>\n<meta property=\"og:title\" content=\"\u2060Koordynator - Klaster Chojnice\" \/>\n<meta property=\"og:description\" content=\"Koordynator Koordynator Klastra Energii pe\u0142ni kluczow\u0105 rol\u0119 operacyjn\u0105 i organizacyjn\u0105, zapewniaj\u0105c sprawne funkcjonowanie klastra oraz realizacj\u0119 jego cel\u00f3w energetycznych, \u015brodowiskowych i ekonomicznych. Do jego zada\u0144 nale\u017cy integracja dzia\u0142a\u0144 uczestnik\u00f3w, nadz\u00f3r nad bilansowaniem\" \/>\n<meta property=\"og:url\" content=\"https:\/\/klaster-chojnice.pl\/?page_id=54\" \/>\n<meta property=\"og:site_name\" content=\"Klaster Chojnice\" \/>\n<meta property=\"article:modified_time\" content=\"2026-03-30T07:41:51+00:00\" \/>\n<meta name=\"twitter:label1\" content=\"Szacowany czas czytania\" \/>\n\t<meta name=\"twitter:data1\" content=\"1 minuta\" \/>\n<script type=\"application\/ld+json\" class=\"yoast-schema-graph\">{\"@context\":\"https:\/\/schema.org\",\"@graph\":[{\"@type\":\"WebPage\",\"@id\":\"https:\/\/klaster-chojnice.pl\/?page_id=54\",\"url\":\"https:\/\/klaster-chojnice.pl\/?page_id=54\",\"name\":\"\u2060Koordynator - Klaster Chojnice\",\"isPartOf\":{\"@id\":\"http:\/\/klaster-chojnice.pl\/#website\"},\"datePublished\":\"2026-02-04T09:26:52+00:00\",\"dateModified\":\"2026-03-30T07:41:51+00:00\",\"breadcrumb\":{\"@id\":\"https:\/\/klaster-chojnice.pl\/?page_id=54#breadcrumb\"},\"inLanguage\":\"pl-PL\",\"potentialAction\":[{\"@type\":\"ReadAction\",\"target\":[\"https:\/\/klaster-chojnice.pl\/?page_id=54\"]}]},{\"@type\":\"BreadcrumbList\",\"@id\":\"https:\/\/klaster-chojnice.pl\/?page_id=54#breadcrumb\",\"itemListElement\":[{\"@type\":\"ListItem\",\"position\":1,\"name\":\"Home\",\"item\":\"http:\/\/klaster-chojnice.pl\/\"},{\"@type\":\"ListItem\",\"position\":2,\"name\":\"\u2060Koordynator\"}]},{\"@type\":\"WebSite\",\"@id\":\"http:\/\/klaster-chojnice.pl\/#website\",\"url\":\"http:\/\/klaster-chojnice.pl\/\",\"name\":\"Klaster Chojnice\",\"description\":\"\",\"potentialAction\":[{\"@type\":\"SearchAction\",\"target\":{\"@type\":\"EntryPoint\",\"urlTemplate\":\"http:\/\/klaster-chojnice.pl\/?s={search_term_string}\"},\"query-input\":{\"@type\":\"PropertyValueSpecification\",\"valueRequired\":true,\"valueName\":\"search_term_string\"}}],\"inLanguage\":\"pl-PL\"}]}<\/script>\n<!-- \/ Yoast SEO plugin. -->","yoast_head_json":{"title":"\u2060Koordynator - Klaster Chojnice","robots":{"index":"index","follow":"follow","max-snippet":"max-snippet:-1","max-image-preview":"max-image-preview:large","max-video-preview":"max-video-preview:-1"},"canonical":"https:\/\/klaster-chojnice.pl\/?page_id=54","og_locale":"pl_PL","og_type":"article","og_title":"\u2060Koordynator - Klaster Chojnice","og_description":"Koordynator Koordynator Klastra Energii pe\u0142ni kluczow\u0105 rol\u0119 operacyjn\u0105 i organizacyjn\u0105, zapewniaj\u0105c sprawne funkcjonowanie klastra oraz realizacj\u0119 jego cel\u00f3w energetycznych, \u015brodowiskowych i ekonomicznych. Do jego zada\u0144 nale\u017cy integracja dzia\u0142a\u0144 uczestnik\u00f3w, nadz\u00f3r nad bilansowaniem","og_url":"https:\/\/klaster-chojnice.pl\/?page_id=54","og_site_name":"Klaster Chojnice","article_modified_time":"2026-03-30T07:41:51+00:00","twitter_misc":{"Szacowany czas czytania":"1 minuta"},"schema":{"@context":"https:\/\/schema.org","@graph":[{"@type":"WebPage","@id":"https:\/\/klaster-chojnice.pl\/?page_id=54","url":"https:\/\/klaster-chojnice.pl\/?page_id=54","name":"\u2060Koordynator - Klaster Chojnice","isPartOf":{"@id":"http:\/\/klaster-chojnice.pl\/#website"},"datePublished":"2026-02-04T09:26:52+00:00","dateModified":"2026-03-30T07:41:51+00:00","breadcrumb":{"@id":"https:\/\/klaster-chojnice.pl\/?page_id=54#breadcrumb"},"inLanguage":"pl-PL","potentialAction":[{"@type":"ReadAction","target":["https:\/\/klaster-chojnice.pl\/?page_id=54"]}]},{"@type":"BreadcrumbList","@id":"https:\/\/klaster-chojnice.pl\/?page_id=54#breadcrumb","itemListElement":[{"@type":"ListItem","position":1,"name":"Home","item":"http:\/\/klaster-chojnice.pl\/"},{"@type":"ListItem","position":2,"name":"\u2060Koordynator"}]},{"@type":"WebSite","@id":"http:\/\/klaster-chojnice.pl\/#website","url":"http:\/\/klaster-chojnice.pl\/","name":"Klaster Chojnice","description":"","potentialAction":[{"@type":"SearchAction","target":{"@type":"EntryPoint","urlTemplate":"http:\/\/klaster-chojnice.pl\/?s={search_term_string}"},"query-input":{"@type":"PropertyValueSpecification","valueRequired":true,"valueName":"search_term_string"}}],"inLanguage":"pl-PL"}]}},"_links":{"self":[{"href":"https:\/\/klaster-chojnice.pl\/index.php?rest_route=\/wp\/v2\/pages\/54","targetHints":{"allow":["GET"]}}],"collection":[{"href":"https:\/\/klaster-chojnice.pl\/index.php?rest_route=\/wp\/v2\/pages"}],"about":[{"href":"https:\/\/klaster-chojnice.pl\/index.php?rest_route=\/wp\/v2\/types\/page"}],"author":[{"embeddable":true,"href":"https:\/\/klaster-chojnice.pl\/index.php?rest_route=\/wp\/v2\/users\/1"}],"replies":[{"embeddable":true,"href":"https:\/\/klaster-chojnice.pl\/index.php?rest_route=%2Fwp%2Fv2%2Fcomments&post=54"}],"version-history":[{"count":16,"href":"https:\/\/klaster-chojnice.pl\/index.php?rest_route=\/wp\/v2\/pages\/54\/revisions"}],"predecessor-version":[{"id":293,"href":"https:\/\/klaster-chojnice.pl\/index.php?rest_route=\/wp\/v2\/pages\/54\/revisions\/293"}],"wp:attachment":[{"href":"https:\/\/klaster-chojnice.pl\/index.php?rest_route=%2Fwp%2Fv2%2Fmedia&parent=54"}],"curies":[{"name":"wp","href":"https:\/\/api.w.org\/{rel}","templated":true}]}}