{"id":56,"date":"2026-02-04T10:27:08","date_gmt":"2026-02-04T09:27:08","guid":{"rendered":"http:\/\/klaster-chojnice.pl\/?page_id=56"},"modified":"2026-04-13T14:33:34","modified_gmt":"2026-04-13T12:33:34","slug":"rada-klastra","status":"publish","type":"page","link":"https:\/\/klaster-chojnice.pl\/?page_id=56","title":{"rendered":"Rada Klastra"},"content":{"rendered":"\t\t<div data-elementor-type=\"wp-page\" data-elementor-id=\"56\" class=\"elementor elementor-56\">\n\t\t\t\t<div class=\"elementor-element elementor-element-b43c20a e-flex e-con-boxed e-con e-parent\" data-id=\"b43c20a\" data-element_type=\"container\" data-e-type=\"container\">\n\t\t\t\t\t<div class=\"e-con-inner\">\n\t\t\t\t<div class=\"elementor-element elementor-element-712d88e elementor-widget elementor-widget-text-editor\" data-id=\"712d88e\" data-element_type=\"widget\" data-e-type=\"widget\" data-widget_type=\"text-editor.default\">\n\t\t\t\t\t\t\t\t\t<p>Rada Klastra Energii<\/p>\t\t\t\t\t\t\t\t<\/div>\n\t\t\t\t\t<\/div>\n\t\t\t\t<\/div>\n\t\t<div class=\"elementor-element elementor-element-e0b8b49 e-flex e-con-boxed e-con e-parent\" data-id=\"e0b8b49\" data-element_type=\"container\" data-e-type=\"container\">\n\t\t\t\t\t<div class=\"e-con-inner\">\n\t\t\t\t<div class=\"elementor-element elementor-element-9b8aa3b elementor-widget elementor-widget-text-editor\" data-id=\"9b8aa3b\" data-element_type=\"widget\" data-e-type=\"widget\" data-widget_type=\"text-editor.default\">\n\t\t\t\t\t\t\t\t\t<p>Rada Klastra Energii stanowi organ strategiczny i doradczy, wyznaczaj\u0105cy kierunki rozwoju klastra oraz wspieraj\u0105cy jego stabilne i d\u0142ugoterminowe funkcjonowanie. Jej zadaniem jest kszta\u0142towanie kierunk\u00f3w dzia\u0142ania, opiniowanie kluczowych decyzji oraz zapewnienie zgodno\u015bci funkcjonowania klastra z jego celami energetycznymi, \u015brodowiskowymi i gospodarczymi.<\/p><p>Rada wspiera rozw\u00f3j lokalnego rynku energii, monitoruje realizacj\u0119 strategii klastra oraz dba o r\u00f3wnowag\u0119 pomi\u0119dzy interesami jego uczestnik\u00f3w. Istotnym elementem jej dzia\u0142alno\u015bci jest tak\u017ce wspieranie integracji nowych cz\u0142onk\u00f3w, rozw\u00f3j wsp\u00f3\u0142pracy pomi\u0119dzy uczestnikami oraz wzmacnianie bezpiecze\u0144stwa i samobilansowania lokalnego systemu energetycznego.<\/p><p>Rada Klastra pe\u0142ni funkcj\u0119 decyzyjn\u0105 w zakresie przyjmowania nowych cz\u0142onk\u00f3w rekomendowanych przez Koordynatora.<\/p><p>W sk\u0142ad Rady Klastra Energii wchodz\u0105:<\/p><p>\u2013<span>\u00a0<\/span><strong>Przewodnicz\u0105cy Rady Klastra:<\/strong><br \/>Zielona Energia Chojnice Sp. z o.o.<\/p><p>\u2013<span>\u00a0<\/span><strong>Cz\u0142onkowie Rady Klastra:<\/strong><br \/>Gmina Miejska Chojnice<br \/>Energy Coin Market Sp. z o.o.<br \/>Centrum Badawczo-Rozwojowe Future Solutions Sp. z o.o.<br \/>Miejskie Wodoci\u0105gi Sp. z o.o.<\/p>\t\t\t\t\t\t\t\t<\/div>\n\t\t\t\t\t<\/div>\n\t\t\t\t<\/div>\n\t\t\t\t<\/div>\n\t\t","protected":false},"excerpt":{"rendered":"<p>Rada Klastra Energii Rada Klastra Energii stanowi organ strategiczny i doradczy, wyznaczaj\u0105cy kierunki rozwoju klastra oraz wspieraj\u0105cy jego stabilne i d\u0142ugoterminowe funkcjonowanie. Jej zadaniem jest kszta\u0142towanie kierunk\u00f3w dzia\u0142ania, opiniowanie kluczowych decyzji oraz<\/p>\n","protected":false},"author":1,"featured_media":0,"parent":0,"menu_order":0,"comment_status":"closed","ping_status":"closed","template":"elementor_header_footer","meta":{"footnotes":""},"class_list":["post-56","page","type-page","status-publish","hentry","entry"],"yoast_head":"<!-- This site is optimized with the Yoast SEO plugin v26.9 - https:\/\/yoast.com\/product\/yoast-seo-wordpress\/ -->\n<title>Rada Klastra - Klaster Chojnice<\/title>\n<meta name=\"robots\" content=\"index, follow, max-snippet:-1, max-image-preview:large, max-video-preview:-1\" \/>\n<link rel=\"canonical\" href=\"https:\/\/klaster-chojnice.pl\/?page_id=56\" \/>\n<meta property=\"og:locale\" content=\"pl_PL\" \/>\n<meta property=\"og:type\" content=\"article\" \/>\n<meta property=\"og:title\" content=\"Rada Klastra - Klaster Chojnice\" \/>\n<meta property=\"og:description\" content=\"Rada Klastra Energii Rada Klastra Energii stanowi organ strategiczny i doradczy, wyznaczaj\u0105cy kierunki rozwoju klastra oraz wspieraj\u0105cy jego stabilne i d\u0142ugoterminowe funkcjonowanie. Jej zadaniem jest kszta\u0142towanie kierunk\u00f3w dzia\u0142ania, opiniowanie kluczowych decyzji oraz\" \/>\n<meta property=\"og:url\" content=\"https:\/\/klaster-chojnice.pl\/?page_id=56\" \/>\n<meta property=\"og:site_name\" content=\"Klaster Chojnice\" \/>\n<meta property=\"article:modified_time\" content=\"2026-04-13T12:33:34+00:00\" \/>\n<meta name=\"twitter:label1\" content=\"Szacowany czas czytania\" \/>\n\t<meta name=\"twitter:data1\" content=\"1 minuta\" \/>\n<script type=\"application\/ld+json\" class=\"yoast-schema-graph\">{\"@context\":\"https:\/\/schema.org\",\"@graph\":[{\"@type\":\"WebPage\",\"@id\":\"https:\/\/klaster-chojnice.pl\/?page_id=56\",\"url\":\"https:\/\/klaster-chojnice.pl\/?page_id=56\",\"name\":\"Rada Klastra - Klaster Chojnice\",\"isPartOf\":{\"@id\":\"http:\/\/klaster-chojnice.pl\/#website\"},\"datePublished\":\"2026-02-04T09:27:08+00:00\",\"dateModified\":\"2026-04-13T12:33:34+00:00\",\"breadcrumb\":{\"@id\":\"https:\/\/klaster-chojnice.pl\/?page_id=56#breadcrumb\"},\"inLanguage\":\"pl-PL\",\"potentialAction\":[{\"@type\":\"ReadAction\",\"target\":[\"https:\/\/klaster-chojnice.pl\/?page_id=56\"]}]},{\"@type\":\"BreadcrumbList\",\"@id\":\"https:\/\/klaster-chojnice.pl\/?page_id=56#breadcrumb\",\"itemListElement\":[{\"@type\":\"ListItem\",\"position\":1,\"name\":\"Home\",\"item\":\"http:\/\/klaster-chojnice.pl\/\"},{\"@type\":\"ListItem\",\"position\":2,\"name\":\"Rada Klastra\"}]},{\"@type\":\"WebSite\",\"@id\":\"http:\/\/klaster-chojnice.pl\/#website\",\"url\":\"http:\/\/klaster-chojnice.pl\/\",\"name\":\"Klaster Chojnice\",\"description\":\"\",\"potentialAction\":[{\"@type\":\"SearchAction\",\"target\":{\"@type\":\"EntryPoint\",\"urlTemplate\":\"http:\/\/klaster-chojnice.pl\/?s={search_term_string}\"},\"query-input\":{\"@type\":\"PropertyValueSpecification\",\"valueRequired\":true,\"valueName\":\"search_term_string\"}}],\"inLanguage\":\"pl-PL\"}]}<\/script>\n<!-- \/ Yoast SEO plugin. -->","yoast_head_json":{"title":"Rada Klastra - Klaster Chojnice","robots":{"index":"index","follow":"follow","max-snippet":"max-snippet:-1","max-image-preview":"max-image-preview:large","max-video-preview":"max-video-preview:-1"},"canonical":"https:\/\/klaster-chojnice.pl\/?page_id=56","og_locale":"pl_PL","og_type":"article","og_title":"Rada Klastra - Klaster Chojnice","og_description":"Rada Klastra Energii Rada Klastra Energii stanowi organ strategiczny i doradczy, wyznaczaj\u0105cy kierunki rozwoju klastra oraz wspieraj\u0105cy jego stabilne i d\u0142ugoterminowe funkcjonowanie. Jej zadaniem jest kszta\u0142towanie kierunk\u00f3w dzia\u0142ania, opiniowanie kluczowych decyzji oraz","og_url":"https:\/\/klaster-chojnice.pl\/?page_id=56","og_site_name":"Klaster Chojnice","article_modified_time":"2026-04-13T12:33:34+00:00","twitter_misc":{"Szacowany czas czytania":"1 minuta"},"schema":{"@context":"https:\/\/schema.org","@graph":[{"@type":"WebPage","@id":"https:\/\/klaster-chojnice.pl\/?page_id=56","url":"https:\/\/klaster-chojnice.pl\/?page_id=56","name":"Rada Klastra - Klaster Chojnice","isPartOf":{"@id":"http:\/\/klaster-chojnice.pl\/#website"},"datePublished":"2026-02-04T09:27:08+00:00","dateModified":"2026-04-13T12:33:34+00:00","breadcrumb":{"@id":"https:\/\/klaster-chojnice.pl\/?page_id=56#breadcrumb"},"inLanguage":"pl-PL","potentialAction":[{"@type":"ReadAction","target":["https:\/\/klaster-chojnice.pl\/?page_id=56"]}]},{"@type":"BreadcrumbList","@id":"https:\/\/klaster-chojnice.pl\/?page_id=56#breadcrumb","itemListElement":[{"@type":"ListItem","position":1,"name":"Home","item":"http:\/\/klaster-chojnice.pl\/"},{"@type":"ListItem","position":2,"name":"Rada Klastra"}]},{"@type":"WebSite","@id":"http:\/\/klaster-chojnice.pl\/#website","url":"http:\/\/klaster-chojnice.pl\/","name":"Klaster Chojnice","description":"","potentialAction":[{"@type":"SearchAction","target":{"@type":"EntryPoint","urlTemplate":"http:\/\/klaster-chojnice.pl\/?s={search_term_string}"},"query-input":{"@type":"PropertyValueSpecification","valueRequired":true,"valueName":"search_term_string"}}],"inLanguage":"pl-PL"}]}},"_links":{"self":[{"href":"https:\/\/klaster-chojnice.pl\/index.php?rest_route=\/wp\/v2\/pages\/56","targetHints":{"allow":["GET"]}}],"collection":[{"href":"https:\/\/klaster-chojnice.pl\/index.php?rest_route=\/wp\/v2\/pages"}],"about":[{"href":"https:\/\/klaster-chojnice.pl\/index.php?rest_route=\/wp\/v2\/types\/page"}],"author":[{"embeddable":true,"href":"https:\/\/klaster-chojnice.pl\/index.php?rest_route=\/wp\/v2\/users\/1"}],"replies":[{"embeddable":true,"href":"https:\/\/klaster-chojnice.pl\/index.php?rest_route=%2Fwp%2Fv2%2Fcomments&post=56"}],"version-history":[{"count":16,"href":"https:\/\/klaster-chojnice.pl\/index.php?rest_route=\/wp\/v2\/pages\/56\/revisions"}],"predecessor-version":[{"id":386,"href":"https:\/\/klaster-chojnice.pl\/index.php?rest_route=\/wp\/v2\/pages\/56\/revisions\/386"}],"wp:attachment":[{"href":"https:\/\/klaster-chojnice.pl\/index.php?rest_route=%2Fwp%2Fv2%2Fmedia&parent=56"}],"curies":[{"name":"wp","href":"https:\/\/api.w.org\/{rel}","templated":true}]}}