{"id":64,"date":"2026-02-04T10:28:10","date_gmt":"2026-02-04T09:28:10","guid":{"rendered":"http:\/\/klaster-chojnice.pl\/?page_id=64"},"modified":"2026-03-19T14:00:34","modified_gmt":"2026-03-19T13:00:34","slug":"dokumenty","status":"publish","type":"page","link":"https:\/\/klaster-chojnice.pl\/?page_id=64","title":{"rendered":"Dokumenty"},"content":{"rendered":"\t\t<div data-elementor-type=\"wp-page\" data-elementor-id=\"64\" class=\"elementor elementor-64\">\n\t\t\t\t<div class=\"elementor-element elementor-element-fe7479f e-flex e-con-boxed e-con e-parent\" data-id=\"fe7479f\" data-element_type=\"container\" data-e-type=\"container\">\n\t\t\t\t\t<div class=\"e-con-inner\">\n\t\t\t\t<div class=\"elementor-element elementor-element-477aabf elementor-widget elementor-widget-text-editor\" data-id=\"477aabf\" data-element_type=\"widget\" data-e-type=\"widget\" data-widget_type=\"text-editor.default\">\n\t\t\t\t\t\t\t\t\t<p>Strona w trakcie aktualizacji. Szczeg\u00f3\u0142y wkr\u00f3tce.<\/p>\t\t\t\t\t\t\t\t<\/div>\n\t\t\t\t\t<\/div>\n\t\t\t\t<\/div>\n\t\t\t\t<\/div>\n\t\t","protected":false},"excerpt":{"rendered":"<p>Strona w trakcie aktualizacji. Szczeg\u00f3\u0142y wkr\u00f3tce.<\/p>\n","protected":false},"author":1,"featured_media":0,"parent":0,"menu_order":0,"comment_status":"closed","ping_status":"closed","template":"elementor_header_footer","meta":{"footnotes":""},"class_list":["post-64","page","type-page","status-publish","hentry","entry"],"yoast_head":"<!-- This site is optimized with the Yoast SEO plugin v26.9 - https:\/\/yoast.com\/product\/yoast-seo-wordpress\/ -->\n<title>Dokumenty - Klaster Chojnice<\/title>\n<meta name=\"robots\" content=\"index, follow, max-snippet:-1, max-image-preview:large, max-video-preview:-1\" \/>\n<link rel=\"canonical\" href=\"http:\/\/klaster-chojnice.pl\/?page_id=64\" \/>\n<meta property=\"og:locale\" content=\"pl_PL\" \/>\n<meta property=\"og:type\" content=\"article\" \/>\n<meta property=\"og:title\" content=\"Dokumenty - Klaster Chojnice\" \/>\n<meta property=\"og:description\" content=\"Strona w trakcie aktualizacji. Szczeg\u00f3\u0142y wkr\u00f3tce.\" \/>\n<meta property=\"og:url\" content=\"http:\/\/klaster-chojnice.pl\/?page_id=64\" \/>\n<meta property=\"og:site_name\" content=\"Klaster Chojnice\" \/>\n<meta property=\"article:modified_time\" content=\"2026-03-19T13:00:34+00:00\" \/>\n<meta name=\"twitter:label1\" content=\"Szacowany czas czytania\" \/>\n\t<meta name=\"twitter:data1\" content=\"1 minuta\" \/>\n<script type=\"application\/ld+json\" class=\"yoast-schema-graph\">{\"@context\":\"https:\/\/schema.org\",\"@graph\":[{\"@type\":\"WebPage\",\"@id\":\"http:\/\/klaster-chojnice.pl\/?page_id=64\",\"url\":\"http:\/\/klaster-chojnice.pl\/?page_id=64\",\"name\":\"Dokumenty - Klaster Chojnice\",\"isPartOf\":{\"@id\":\"http:\/\/klaster-chojnice.pl\/#website\"},\"datePublished\":\"2026-02-04T09:28:10+00:00\",\"dateModified\":\"2026-03-19T13:00:34+00:00\",\"breadcrumb\":{\"@id\":\"http:\/\/klaster-chojnice.pl\/?page_id=64#breadcrumb\"},\"inLanguage\":\"pl-PL\",\"potentialAction\":[{\"@type\":\"ReadAction\",\"target\":[\"http:\/\/klaster-chojnice.pl\/?page_id=64\"]}]},{\"@type\":\"BreadcrumbList\",\"@id\":\"http:\/\/klaster-chojnice.pl\/?page_id=64#breadcrumb\",\"itemListElement\":[{\"@type\":\"ListItem\",\"position\":1,\"name\":\"Home\",\"item\":\"http:\/\/klaster-chojnice.pl\/\"},{\"@type\":\"ListItem\",\"position\":2,\"name\":\"Dokumenty\"}]},{\"@type\":\"WebSite\",\"@id\":\"http:\/\/klaster-chojnice.pl\/#website\",\"url\":\"http:\/\/klaster-chojnice.pl\/\",\"name\":\"Klaster Chojnice\",\"description\":\"\",\"potentialAction\":[{\"@type\":\"SearchAction\",\"target\":{\"@type\":\"EntryPoint\",\"urlTemplate\":\"http:\/\/klaster-chojnice.pl\/?s={search_term_string}\"},\"query-input\":{\"@type\":\"PropertyValueSpecification\",\"valueRequired\":true,\"valueName\":\"search_term_string\"}}],\"inLanguage\":\"pl-PL\"}]}<\/script>\n<!-- \/ Yoast SEO plugin. -->","yoast_head_json":{"title":"Dokumenty - Klaster Chojnice","robots":{"index":"index","follow":"follow","max-snippet":"max-snippet:-1","max-image-preview":"max-image-preview:large","max-video-preview":"max-video-preview:-1"},"canonical":"http:\/\/klaster-chojnice.pl\/?page_id=64","og_locale":"pl_PL","og_type":"article","og_title":"Dokumenty - Klaster Chojnice","og_description":"Strona w trakcie aktualizacji. Szczeg\u00f3\u0142y wkr\u00f3tce.","og_url":"http:\/\/klaster-chojnice.pl\/?page_id=64","og_site_name":"Klaster Chojnice","article_modified_time":"2026-03-19T13:00:34+00:00","twitter_misc":{"Szacowany czas czytania":"1 minuta"},"schema":{"@context":"https:\/\/schema.org","@graph":[{"@type":"WebPage","@id":"http:\/\/klaster-chojnice.pl\/?page_id=64","url":"http:\/\/klaster-chojnice.pl\/?page_id=64","name":"Dokumenty - Klaster Chojnice","isPartOf":{"@id":"http:\/\/klaster-chojnice.pl\/#website"},"datePublished":"2026-02-04T09:28:10+00:00","dateModified":"2026-03-19T13:00:34+00:00","breadcrumb":{"@id":"http:\/\/klaster-chojnice.pl\/?page_id=64#breadcrumb"},"inLanguage":"pl-PL","potentialAction":[{"@type":"ReadAction","target":["http:\/\/klaster-chojnice.pl\/?page_id=64"]}]},{"@type":"BreadcrumbList","@id":"http:\/\/klaster-chojnice.pl\/?page_id=64#breadcrumb","itemListElement":[{"@type":"ListItem","position":1,"name":"Home","item":"http:\/\/klaster-chojnice.pl\/"},{"@type":"ListItem","position":2,"name":"Dokumenty"}]},{"@type":"WebSite","@id":"http:\/\/klaster-chojnice.pl\/#website","url":"http:\/\/klaster-chojnice.pl\/","name":"Klaster Chojnice","description":"","potentialAction":[{"@type":"SearchAction","target":{"@type":"EntryPoint","urlTemplate":"http:\/\/klaster-chojnice.pl\/?s={search_term_string}"},"query-input":{"@type":"PropertyValueSpecification","valueRequired":true,"valueName":"search_term_string"}}],"inLanguage":"pl-PL"}]}},"_links":{"self":[{"href":"https:\/\/klaster-chojnice.pl\/index.php?rest_route=\/wp\/v2\/pages\/64","targetHints":{"allow":["GET"]}}],"collection":[{"href":"https:\/\/klaster-chojnice.pl\/index.php?rest_route=\/wp\/v2\/pages"}],"about":[{"href":"https:\/\/klaster-chojnice.pl\/index.php?rest_route=\/wp\/v2\/types\/page"}],"author":[{"embeddable":true,"href":"https:\/\/klaster-chojnice.pl\/index.php?rest_route=\/wp\/v2\/users\/1"}],"replies":[{"embeddable":true,"href":"https:\/\/klaster-chojnice.pl\/index.php?rest_route=%2Fwp%2Fv2%2Fcomments&post=64"}],"version-history":[{"count":7,"href":"https:\/\/klaster-chojnice.pl\/index.php?rest_route=\/wp\/v2\/pages\/64\/revisions"}],"predecessor-version":[{"id":241,"href":"https:\/\/klaster-chojnice.pl\/index.php?rest_route=\/wp\/v2\/pages\/64\/revisions\/241"}],"wp:attachment":[{"href":"https:\/\/klaster-chojnice.pl\/index.php?rest_route=%2Fwp%2Fv2%2Fmedia&parent=64"}],"curies":[{"name":"wp","href":"https:\/\/api.w.org\/{rel}","templated":true}]}}